{"id":34,"date":"2026-03-17T16:37:08","date_gmt":"2026-03-17T19:37:08","guid":{"rendered":"http:\/\/pousadabeiramato.com.br\/?page_id=34"},"modified":"2026-03-17T17:50:25","modified_gmt":"2026-03-17T20:50:25","slug":"home","status":"publish","type":"page","link":"http:\/\/pousadabeiramato.com.br\/","title":{"rendered":"Home"},"content":{"rendered":"\t\t<div data-elementor-type=\"wp-page\" data-elementor-id=\"34\" class=\"elementor elementor-34\">\n\t\t\t\t<div class=\"elementor-element elementor-element-60f0765 e-grid e-con-full e-con e-parent\" data-id=\"60f0765\" data-element_type=\"container\" data-e-type=\"container\">\n\t\t\t\t<div class=\"elementor-element elementor-element-7fbd58d elementor-widget elementor-widget-image\" data-id=\"7fbd58d\" data-element_type=\"widget\" data-e-type=\"widget\" data-widget_type=\"image.default\">\n\t\t\t\t\t\t\t\t\t\t\t\t\t\t\t<img fetchpriority=\"high\" decoding=\"async\" width=\"1024\" height=\"683\" src=\"http:\/\/pousadabeiramato.com.br\/wp-content\/uploads\/2026\/03\/ChatGPT-Image-17-de-mar.-de-2026-13_13_56-1024x683.png\" class=\"attachment-large size-large wp-image-61\" alt=\"\" srcset=\"http:\/\/pousadabeiramato.com.br\/wp-content\/uploads\/2026\/03\/ChatGPT-Image-17-de-mar.-de-2026-13_13_56-1024x683.png 1024w, http:\/\/pousadabeiramato.com.br\/wp-content\/uploads\/2026\/03\/ChatGPT-Image-17-de-mar.-de-2026-13_13_56-300x200.png 300w, http:\/\/pousadabeiramato.com.br\/wp-content\/uploads\/2026\/03\/ChatGPT-Image-17-de-mar.-de-2026-13_13_56-768x512.png 768w, http:\/\/pousadabeiramato.com.br\/wp-content\/uploads\/2026\/03\/ChatGPT-Image-17-de-mar.-de-2026-13_13_56.png 1536w\" sizes=\"(max-width: 1024px) 100vw, 1024px\" \/>\t\t\t\t\t\t\t\t\t\t\t\t\t\t\t<\/div>\n\t\t\t\t<\/div>\n\t\t<div class=\"elementor-element elementor-element-4c580d2 e-flex e-con-boxed e-con e-parent\" data-id=\"4c580d2\" data-element_type=\"container\" data-e-type=\"container\" data-settings=\"{&quot;background_background&quot;:&quot;classic&quot;}\">\n\t\t\t\t\t<div class=\"e-con-inner\">\n\t\t\t\t<div class=\"elementor-element elementor-element-6a83e93 elementor-widget elementor-widget-heading\" data-id=\"6a83e93\" data-element_type=\"widget\" data-e-type=\"widget\" data-widget_type=\"heading.default\">\n\t\t\t\t\t<h2 class=\"elementor-heading-title elementor-size-default\">Beira Mato Pousada e Chal\u00e9s<\/h2>\t\t\t\t<\/div>\n\t\t\t\t<div class=\"elementor-element elementor-element-7fc191e elementor-widget elementor-widget-text-editor\" data-id=\"7fc191e\" data-element_type=\"widget\" data-e-type=\"widget\" data-widget_type=\"text-editor.default\">\n\t\t\t\t\t\t\t\t\t<h3>Seu ref\u00fagio em Cachoeiras de Macacu. Tranquilidade, conforto e uma imers\u00e3o completa na natureza.<\/h3>\t\t\t\t\t\t\t\t<\/div>\n\t\t\t\t\t<\/div>\n\t\t\t\t<\/div>\n\t\t<div class=\"elementor-element elementor-element-d94b2b7 e-flex e-con-boxed e-con e-parent\" data-id=\"d94b2b7\" data-element_type=\"container\" data-e-type=\"container\">\n\t\t\t\t\t<div class=\"e-con-inner\">\n\t\t\t\t\t<\/div>\n\t\t\t\t<\/div>\n\t\t<div class=\"elementor-element elementor-element-f7a980c e-flex e-con-boxed e-con e-parent\" data-id=\"f7a980c\" data-element_type=\"container\" data-e-type=\"container\">\n\t\t\t\t\t<div class=\"e-con-inner\">\n\t\t\t\t<div class=\"elementor-element elementor-element-6d1fddd elementor-widget elementor-widget-text-editor\" data-id=\"6d1fddd\" data-element_type=\"widget\" data-e-type=\"widget\" data-widget_type=\"text-editor.default\">\n\t\t\t\t\t\t\t\t\t<h3 dir=\"ltr\">\ud83c\udf3f Beira Mato Pousada e Chal\u00e9s<\/h3><p dir=\"ltr\">Localizada em Boca do Mato, em Cachoeiras de Macacu \u2013 RJ, a Beira Mato Pousada e Chal\u00e9s \u00e9 o ref\u00fagio ideal para quem busca tranquilidade, conforto e uma imers\u00e3o completa na natureza.<\/p><p dir=\"ltr\">Cercada pela beleza da serra, com acesso a rio, cachoeira e muito verde ao redor, oferecemos o cen\u00e1rio perfeito para desacelerar e viver momentos inesquec\u00edveis.<\/p><h3 dir=\"ltr\" style=\"line-height: 1.38; margin-top: 14pt; margin-bottom: 4pt;\">\u00a0<\/h3><h3 dir=\"ltr\">\ud83c\udfe1 Conforto em meio \u00e0 natureza<\/h3><p dir=\"ltr\">Nossos chal\u00e9s foram cuidadosamente preparados para garantir aconchego, privacidade e bem-estar. Um ambiente acolhedor, integrado \u00e0 natureza, onde voc\u00ea pode relaxar ao som dos p\u00e1ssaros e da \u00e1gua corrente.<\/p><h3 dir=\"ltr\" style=\"line-height: 1.38; margin-top: 14pt; margin-bottom: 4pt;\">\u00a0<\/h3><h3 dir=\"ltr\">\ud83c\udf0a Lazer e natureza ao seu redor<\/h3><p dir=\"ltr\">Aqui, voc\u00ea encontra tudo para renovar as energias:<\/p><ul><li dir=\"ltr\" aria-level=\"1\"><p dir=\"ltr\" role=\"presentation\">Piscina para relaxar e aproveitar os dias de sol<\/p><\/li><li dir=\"ltr\" aria-level=\"1\"><p dir=\"ltr\" role=\"presentation\">Rio e cachoeira pr\u00f3ximos, ideais para banho e contato direto com a natureza<\/p><\/li><li dir=\"ltr\" aria-level=\"1\"><p dir=\"ltr\" role=\"presentation\">Clima de serra, perfeito para descanso e tranquilidade<\/p><\/li><\/ul><p dir=\"ltr\">Cada detalhe foi pensado para proporcionar uma experi\u00eancia leve, natural e revigorante.<\/p><h3 dir=\"ltr\" style=\"line-height: 1.38; margin-top: 14pt; margin-bottom: 4pt;\">\u00a0<\/h3><h3 dir=\"ltr\">\u2615 Caf\u00e9 colonial especial<\/h3><p dir=\"ltr\">Comece o dia com um delicioso caf\u00e9 colonial, preparado com carinho, com variedade de p\u00e3es, bolos, frutas e sabores que remetem ao aconchego da ro\u00e7a.<\/p><h3 dir=\"ltr\" style=\"line-height: 1.38; margin-top: 14pt; margin-bottom: 4pt;\">\u00a0<\/h3><h3 dir=\"ltr\">\ud83d\udc9a Atendimento acolhedor<\/h3><p dir=\"ltr\">Na Beira Mato Pousada e Chal\u00e9s, voc\u00ea \u00e9 recebido com aten\u00e7\u00e3o e cuidado. Nosso compromisso \u00e9 oferecer uma estadia acolhedora, tranquila e memor\u00e1vel.<\/p><h3 dir=\"ltr\" style=\"line-height: 1.38; margin-top: 14pt; margin-bottom: 4pt;\">\u00a0<\/h3><h3 dir=\"ltr\">\ud83d\udccd Viva essa experi\u00eancia<\/h3><p dir=\"ltr\">Seja para um fim de semana rom\u00e2ntico, uma viagem em fam\u00edlia ou um momento de descanso em meio \u00e0 natureza, a Beira Mato Pousada e Chal\u00e9s \u00e9 o destino perfeito em Cachoeiras de Macacu.<\/p>\t\t\t\t\t\t\t\t<\/div>\n\t\t\t\t<div class=\"elementor-element elementor-element-500af72 elementor-widget elementor-widget-button\" data-id=\"500af72\" data-element_type=\"widget\" data-e-type=\"widget\" data-widget_type=\"button.default\">\n\t\t\t\t\t\t\t\t\t\t<a class=\"elementor-button elementor-button-link elementor-size-sm\" href=\"https:\/\/wa.me\/5521987457777?text=Ol\u00e1!%20Gostaria%20de%20saber%20mais%20sobre%20as%20reservas%20na%20Pousada%20Beira%20Mato.\">\n\t\t\t\t\t\t<span class=\"elementor-button-content-wrapper\">\n\t\t\t\t\t\t\t\t\t<span class=\"elementor-button-text\">Reservar minha experi\u00eancia<\/span>\n\t\t\t\t\t<\/span>\n\t\t\t\t\t<\/a>\n\t\t\t\t\t\t\t\t<\/div>\n\t\t\t\t\t<\/div>\n\t\t\t\t<\/div>\n\t\t\t\t<\/div>\n\t\t","protected":false},"excerpt":{"rendered":"<p>Beira Mato Pousada e Chal\u00e9s Seu ref\u00fagio em Cachoeiras de Macacu. Tranquilidade, conforto e uma imers\u00e3o completa na natureza. \ud83c\udf3f Beira Mato Pousada e Chal\u00e9s Localizada em Boca do Mato, em Cachoeiras de Macacu \u2013 RJ, a Beira Mato Pousada e Chal\u00e9s \u00e9 o ref\u00fagio ideal para quem busca tranquilidade, conforto e uma imers\u00e3o completa [&hellip;]<\/p>\n","protected":false},"author":1,"featured_media":0,"parent":0,"menu_order":0,"comment_status":"closed","ping_status":"closed","template":"elementor_canvas","meta":{"footnotes":""},"class_list":["post-34","page","type-page","status-publish","hentry"],"yoast_head":"<!-- This site is optimized with the Yoast SEO plugin v27.2 - https:\/\/yoast.com\/product\/yoast-seo-wordpress\/ -->\n<title>Home - pousadabeiramato<\/title>\n<meta name=\"robots\" content=\"index, follow, max-snippet:-1, max-image-preview:large, max-video-preview:-1\" \/>\n<link rel=\"canonical\" href=\"http:\/\/pousadabeiramato.com.br\/\" \/>\n<meta property=\"og:locale\" content=\"pt_BR\" \/>\n<meta property=\"og:type\" content=\"article\" \/>\n<meta property=\"og:title\" content=\"Home - pousadabeiramato\" \/>\n<meta property=\"og:description\" content=\"Beira Mato Pousada e Chal\u00e9s Seu ref\u00fagio em Cachoeiras de Macacu. Tranquilidade, conforto e uma imers\u00e3o completa na natureza. \ud83c\udf3f Beira Mato Pousada e Chal\u00e9s Localizada em Boca do Mato, em Cachoeiras de Macacu \u2013 RJ, a Beira Mato Pousada e Chal\u00e9s \u00e9 o ref\u00fagio ideal para quem busca tranquilidade, conforto e uma imers\u00e3o completa [&hellip;]\" \/>\n<meta property=\"og:url\" content=\"http:\/\/pousadabeiramato.com.br\/\" \/>\n<meta property=\"og:site_name\" content=\"pousadabeiramato\" \/>\n<meta property=\"article:publisher\" content=\"https:\/\/www.facebook.com\/profile.php?id=100088209354354\" \/>\n<meta property=\"article:modified_time\" content=\"2026-03-17T20:50:25+00:00\" \/>\n<meta property=\"og:image\" content=\"http:\/\/pousadabeiramato.com.br\/wp-content\/uploads\/2026\/03\/ChatGPT-Image-17-de-mar.-de-2026-13_13_56-1024x683.png\" \/>\n<meta name=\"twitter:card\" content=\"summary_large_image\" \/>\n<meta name=\"twitter:label1\" content=\"Est. tempo de leitura\" \/>\n\t<meta name=\"twitter:data1\" content=\"3 minutos\" \/>\n<script type=\"application\/ld+json\" class=\"yoast-schema-graph\">{\"@context\":\"https:\/\/schema.org\",\"@graph\":[{\"@type\":\"WebPage\",\"@id\":\"http:\/\/pousadabeiramato.com.br\/\",\"url\":\"http:\/\/pousadabeiramato.com.br\/\",\"name\":\"Home - pousadabeiramato\",\"isPartOf\":{\"@id\":\"http:\/\/pousadabeiramato.com.br\/#website\"},\"primaryImageOfPage\":{\"@id\":\"http:\/\/pousadabeiramato.com.br\/#primaryimage\"},\"image\":{\"@id\":\"http:\/\/pousadabeiramato.com.br\/#primaryimage\"},\"thumbnailUrl\":\"http:\/\/pousadabeiramato.com.br\/wp-content\/uploads\/2026\/03\/ChatGPT-Image-17-de-mar.-de-2026-13_13_56-1024x683.png\",\"datePublished\":\"2026-03-17T19:37:08+00:00\",\"dateModified\":\"2026-03-17T20:50:25+00:00\",\"breadcrumb\":{\"@id\":\"http:\/\/pousadabeiramato.com.br\/#breadcrumb\"},\"inLanguage\":\"pt-BR\",\"potentialAction\":[{\"@type\":\"ReadAction\",\"target\":[\"http:\/\/pousadabeiramato.com.br\/\"]}]},{\"@type\":\"ImageObject\",\"inLanguage\":\"pt-BR\",\"@id\":\"http:\/\/pousadabeiramato.com.br\/#primaryimage\",\"url\":\"http:\/\/pousadabeiramato.com.br\/wp-content\/uploads\/2026\/03\/ChatGPT-Image-17-de-mar.-de-2026-13_13_56.png\",\"contentUrl\":\"http:\/\/pousadabeiramato.com.br\/wp-content\/uploads\/2026\/03\/ChatGPT-Image-17-de-mar.-de-2026-13_13_56.png\",\"width\":1536,\"height\":1024},{\"@type\":\"BreadcrumbList\",\"@id\":\"http:\/\/pousadabeiramato.com.br\/#breadcrumb\",\"itemListElement\":[{\"@type\":\"ListItem\",\"position\":1,\"name\":\"Home\",\"item\":\"http:\/\/pousadabeiramato.com.br\/\"},{\"@type\":\"ListItem\",\"position\":2,\"name\":\"Home\"}]},{\"@type\":\"WebSite\",\"@id\":\"http:\/\/pousadabeiramato.com.br\/#website\",\"url\":\"http:\/\/pousadabeiramato.com.br\/\",\"name\":\"pousadabeiramato\",\"description\":\"\",\"publisher\":{\"@id\":\"http:\/\/pousadabeiramato.com.br\/#organization\"},\"potentialAction\":[{\"@type\":\"SearchAction\",\"target\":{\"@type\":\"EntryPoint\",\"urlTemplate\":\"http:\/\/pousadabeiramato.com.br\/?s={search_term_string}\"},\"query-input\":{\"@type\":\"PropertyValueSpecification\",\"valueRequired\":true,\"valueName\":\"search_term_string\"}}],\"inLanguage\":\"pt-BR\"},{\"@type\":\"Organization\",\"@id\":\"http:\/\/pousadabeiramato.com.br\/#organization\",\"name\":\"pousadabeiramato\",\"url\":\"http:\/\/pousadabeiramato.com.br\/\",\"logo\":{\"@type\":\"ImageObject\",\"inLanguage\":\"pt-BR\",\"@id\":\"http:\/\/pousadabeiramato.com.br\/#\/schema\/logo\/image\/\",\"url\":\"http:\/\/pousadabeiramato.com.br\/wp-content\/uploads\/2026\/03\/IMG_1929.png\",\"contentUrl\":\"http:\/\/pousadabeiramato.com.br\/wp-content\/uploads\/2026\/03\/IMG_1929.png\",\"width\":576,\"height\":576,\"caption\":\"pousadabeiramato\"},\"image\":{\"@id\":\"http:\/\/pousadabeiramato.com.br\/#\/schema\/logo\/image\/\"},\"sameAs\":[\"https:\/\/www.facebook.com\/profile.php?id=100088209354354\",\"https:\/\/www.instagram.com\/beiramatopousadaechalesrj?igsh=YXJvNDh5ZTRjYWRi&utm_source=qr\"]}]}<\/script>\n<!-- \/ Yoast SEO plugin. -->","yoast_head_json":{"title":"Home - pousadabeiramato","robots":{"index":"index","follow":"follow","max-snippet":"max-snippet:-1","max-image-preview":"max-image-preview:large","max-video-preview":"max-video-preview:-1"},"canonical":"http:\/\/pousadabeiramato.com.br\/","og_locale":"pt_BR","og_type":"article","og_title":"Home - pousadabeiramato","og_description":"Beira Mato Pousada e Chal\u00e9s Seu ref\u00fagio em Cachoeiras de Macacu. Tranquilidade, conforto e uma imers\u00e3o completa na natureza. \ud83c\udf3f Beira Mato Pousada e Chal\u00e9s Localizada em Boca do Mato, em Cachoeiras de Macacu \u2013 RJ, a Beira Mato Pousada e Chal\u00e9s \u00e9 o ref\u00fagio ideal para quem busca tranquilidade, conforto e uma imers\u00e3o completa [&hellip;]","og_url":"http:\/\/pousadabeiramato.com.br\/","og_site_name":"pousadabeiramato","article_publisher":"https:\/\/www.facebook.com\/profile.php?id=100088209354354","article_modified_time":"2026-03-17T20:50:25+00:00","og_image":[{"url":"http:\/\/pousadabeiramato.com.br\/wp-content\/uploads\/2026\/03\/ChatGPT-Image-17-de-mar.-de-2026-13_13_56-1024x683.png","type":"","width":"","height":""}],"twitter_card":"summary_large_image","twitter_misc":{"Est. tempo de leitura":"3 minutos"},"schema":{"@context":"https:\/\/schema.org","@graph":[{"@type":"WebPage","@id":"http:\/\/pousadabeiramato.com.br\/","url":"http:\/\/pousadabeiramato.com.br\/","name":"Home - pousadabeiramato","isPartOf":{"@id":"http:\/\/pousadabeiramato.com.br\/#website"},"primaryImageOfPage":{"@id":"http:\/\/pousadabeiramato.com.br\/#primaryimage"},"image":{"@id":"http:\/\/pousadabeiramato.com.br\/#primaryimage"},"thumbnailUrl":"http:\/\/pousadabeiramato.com.br\/wp-content\/uploads\/2026\/03\/ChatGPT-Image-17-de-mar.-de-2026-13_13_56-1024x683.png","datePublished":"2026-03-17T19:37:08+00:00","dateModified":"2026-03-17T20:50:25+00:00","breadcrumb":{"@id":"http:\/\/pousadabeiramato.com.br\/#breadcrumb"},"inLanguage":"pt-BR","potentialAction":[{"@type":"ReadAction","target":["http:\/\/pousadabeiramato.com.br\/"]}]},{"@type":"ImageObject","inLanguage":"pt-BR","@id":"http:\/\/pousadabeiramato.com.br\/#primaryimage","url":"http:\/\/pousadabeiramato.com.br\/wp-content\/uploads\/2026\/03\/ChatGPT-Image-17-de-mar.-de-2026-13_13_56.png","contentUrl":"http:\/\/pousadabeiramato.com.br\/wp-content\/uploads\/2026\/03\/ChatGPT-Image-17-de-mar.-de-2026-13_13_56.png","width":1536,"height":1024},{"@type":"BreadcrumbList","@id":"http:\/\/pousadabeiramato.com.br\/#breadcrumb","itemListElement":[{"@type":"ListItem","position":1,"name":"Home","item":"http:\/\/pousadabeiramato.com.br\/"},{"@type":"ListItem","position":2,"name":"Home"}]},{"@type":"WebSite","@id":"http:\/\/pousadabeiramato.com.br\/#website","url":"http:\/\/pousadabeiramato.com.br\/","name":"pousadabeiramato","description":"","publisher":{"@id":"http:\/\/pousadabeiramato.com.br\/#organization"},"potentialAction":[{"@type":"SearchAction","target":{"@type":"EntryPoint","urlTemplate":"http:\/\/pousadabeiramato.com.br\/?s={search_term_string}"},"query-input":{"@type":"PropertyValueSpecification","valueRequired":true,"valueName":"search_term_string"}}],"inLanguage":"pt-BR"},{"@type":"Organization","@id":"http:\/\/pousadabeiramato.com.br\/#organization","name":"pousadabeiramato","url":"http:\/\/pousadabeiramato.com.br\/","logo":{"@type":"ImageObject","inLanguage":"pt-BR","@id":"http:\/\/pousadabeiramato.com.br\/#\/schema\/logo\/image\/","url":"http:\/\/pousadabeiramato.com.br\/wp-content\/uploads\/2026\/03\/IMG_1929.png","contentUrl":"http:\/\/pousadabeiramato.com.br\/wp-content\/uploads\/2026\/03\/IMG_1929.png","width":576,"height":576,"caption":"pousadabeiramato"},"image":{"@id":"http:\/\/pousadabeiramato.com.br\/#\/schema\/logo\/image\/"},"sameAs":["https:\/\/www.facebook.com\/profile.php?id=100088209354354","https:\/\/www.instagram.com\/beiramatopousadaechalesrj?igsh=YXJvNDh5ZTRjYWRi&utm_source=qr"]}]}},"_links":{"self":[{"href":"http:\/\/pousadabeiramato.com.br\/index.php?rest_route=\/wp\/v2\/pages\/34","targetHints":{"allow":["GET"]}}],"collection":[{"href":"http:\/\/pousadabeiramato.com.br\/index.php?rest_route=\/wp\/v2\/pages"}],"about":[{"href":"http:\/\/pousadabeiramato.com.br\/index.php?rest_route=\/wp\/v2\/types\/page"}],"author":[{"embeddable":true,"href":"http:\/\/pousadabeiramato.com.br\/index.php?rest_route=\/wp\/v2\/users\/1"}],"replies":[{"embeddable":true,"href":"http:\/\/pousadabeiramato.com.br\/index.php?rest_route=%2Fwp%2Fv2%2Fcomments&post=34"}],"version-history":[{"count":17,"href":"http:\/\/pousadabeiramato.com.br\/index.php?rest_route=\/wp\/v2\/pages\/34\/revisions"}],"predecessor-version":[{"id":73,"href":"http:\/\/pousadabeiramato.com.br\/index.php?rest_route=\/wp\/v2\/pages\/34\/revisions\/73"}],"wp:attachment":[{"href":"http:\/\/pousadabeiramato.com.br\/index.php?rest_route=%2Fwp%2Fv2%2Fmedia&parent=34"}],"curies":[{"name":"wp","href":"https:\/\/api.w.org\/{rel}","templated":true}]}}